{"id":6,"date":"2021-05-05T08:20:25","date_gmt":"2021-05-05T08:20:25","guid":{"rendered":"https:\/\/jujutsu-budokai.dk\/?page_id=6"},"modified":"2021-05-11T14:10:24","modified_gmt":"2021-05-11T14:10:24","slug":"om","status":"publish","type":"page","link":"https:\/\/jujutsu-budokai.dk\/index.php\/om\/","title":{"rendered":"Om"},"content":{"rendered":"\n<div class=\"wp-block-columns is-layout-flex wp-container-core-columns-is-layout-9d6595d7 wp-block-columns-is-layout-flex\">\n<div class=\"wp-block-column is-layout-flow wp-block-column-is-layout-flow\">\n<div class=\"wp-block-image is-style-default\"><figure class=\"aligncenter size-full is-resized\"><img loading=\"lazy\" decoding=\"async\" src=\"https:\/\/jujutsu-budokai.dk\/wp-content\/uploads\/2021\/05\/kanji-jujutsu-e1620638026294.png\" alt=\"\" class=\"wp-image-146\" width=\"150\" height=\"240\"\/><\/figure><\/div>\n\n\n\n<div style=\"height:57px\" aria-hidden=\"true\" class=\"wp-block-spacer\"><\/div>\n\n\n\n<div class=\"wp-block-image\"><figure class=\"aligncenter size-full is-resized\"><img loading=\"lazy\" decoding=\"async\" src=\"https:\/\/jujutsu-budokai.dk\/wp-content\/uploads\/2021\/05\/kanji-budokai.png\" alt=\"\" class=\"wp-image-151\" width=\"160\" height=\"360\"\/><\/figure><\/div>\n<\/div>\n\n\n\n<div class=\"wp-block-column is-layout-flow wp-block-column-is-layout-flow\">\n<div style=\"height:22px\" aria-hidden=\"true\" class=\"wp-block-spacer\"><\/div>\n\n\n\n<h2 class=\"wp-block-heading\">Ju<\/h2>\n\n\n\n<p class=\"has-medium-font-size\">kan overs\u00e6ttes som &#8220;blid, smidig, fleksibel, b\u00f8jelig eller f\u00f8jelig&#8221;.<\/p>\n\n\n\n<div style=\"height:17px\" aria-hidden=\"true\" class=\"wp-block-spacer\"><\/div>\n\n\n\n<h2 class=\"wp-block-heading\">Jutsu<\/h2>\n\n\n\n<p class=\"has-medium-font-size\">Kan blive oversat som &#8220;kunst&#8221; eller &#8220;teknik&#8221;.<\/p>\n\n\n\n<div style=\"height:110px\" aria-hidden=\"true\" class=\"wp-block-spacer\"><\/div>\n\n\n\n<h2 class=\"wp-block-heading\">Bu<\/h2>\n\n\n\n<p class=\"has-medium-font-size\">Kan blive oversat som &#8220;milit\u00e6r&#8221; eller &#8220;kriger&#8221;.<\/p>\n\n\n\n<div style=\"height:40px\" aria-hidden=\"true\" class=\"wp-block-spacer\"><\/div>\n\n\n\n<h2 class=\"wp-block-heading\">Do<\/h2>\n\n\n\n<p class=\"has-medium-font-size\">Betyder &#8220;vej&#8221;.<\/p>\n\n\n\n<div style=\"height:16px\" aria-hidden=\"true\" class=\"wp-block-spacer\"><\/div>\n\n\n\n<h2 class=\"wp-block-heading\">Kai<\/h2>\n\n\n\n<p class=\"has-medium-font-size\">Kan blive oversat som &#8220;m\u00f8de&#8221;, &#8220;forsamling&#8221; eller &#8220;forening&#8221;.<\/p>\n<\/div>\n<\/div>\n\n\n\n<div class=\"wp-block-columns is-layout-flex wp-container-core-columns-is-layout-9d6595d7 wp-block-columns-is-layout-flex\">\n<div class=\"wp-block-column is-layout-flow wp-block-column-is-layout-flow\"><\/div>\n<\/div>\n\n\n\n<p>Jujutsu Budokai kan alts\u00e5 overs\u00e6ttes til &#8220;forsamlingen af de som har valgt krigerens vej af den fleksible teknik&#8221;.<\/p>\n\n\n\n<p>Eller p\u00e5 mere j\u00e6vnt. Et f\u00e6lleskab omkring Jujustsu.<\/p>\n\n\n\n<p>S\u00e5 denne side vil fors\u00f8ge at formidle viden om Jujutsu og m\u00e5ske endda danne f\u00e6llesskab omkring interessen for Jujutsu. B\u00e5de som hobby, selvforsvar, sport eller bare de historiske aspekter omkring Jujutsu.<\/p>\n\n\n\n<p>P\u00e5 denne side omtaler vi det som Jujutsu, da det i dag er anerkendt, som den mest korrekte japanske stavem\u00e5de. Men i forskellige lande og til forskellige tider blev og bliver Jujutsu blandt andet ogs\u00e5 kaldt Ju-Jitsu og Jiu-Jitsu.<\/p>\n","protected":false},"excerpt":{"rendered":"<p>Ju kan overs\u00e6ttes som &#8220;blid, smidig, fleksibel, b\u00f8jelig eller f\u00f8jelig&#8221;. Jutsu Kan blive oversat som &#8220;kunst&#8221; eller &#8220;teknik&#8221;. Bu Kan blive oversat som &#8220;milit\u00e6r&#8221; eller &#8220;kriger&#8221;. Do Betyder &#8220;vej&#8221;. Kai &#8230;<\/p>\n","protected":false},"author":1,"featured_media":0,"parent":0,"menu_order":0,"comment_status":"closed","ping_status":"closed","template":"","meta":{"footnotes":""},"class_list":["post-6","page","type-page","status-publish","hentry"],"_links":{"self":[{"href":"https:\/\/jujutsu-budokai.dk\/index.php\/wp-json\/wp\/v2\/pages\/6","targetHints":{"allow":["GET"]}}],"collection":[{"href":"https:\/\/jujutsu-budokai.dk\/index.php\/wp-json\/wp\/v2\/pages"}],"about":[{"href":"https:\/\/jujutsu-budokai.dk\/index.php\/wp-json\/wp\/v2\/types\/page"}],"author":[{"embeddable":true,"href":"https:\/\/jujutsu-budokai.dk\/index.php\/wp-json\/wp\/v2\/users\/1"}],"replies":[{"embeddable":true,"href":"https:\/\/jujutsu-budokai.dk\/index.php\/wp-json\/wp\/v2\/comments?post=6"}],"version-history":[{"count":45,"href":"https:\/\/jujutsu-budokai.dk\/index.php\/wp-json\/wp\/v2\/pages\/6\/revisions"}],"predecessor-version":[{"id":508,"href":"https:\/\/jujutsu-budokai.dk\/index.php\/wp-json\/wp\/v2\/pages\/6\/revisions\/508"}],"wp:attachment":[{"href":"https:\/\/jujutsu-budokai.dk\/index.php\/wp-json\/wp\/v2\/media?parent=6"}],"curies":[{"name":"wp","href":"https:\/\/api.w.org\/{rel}","templated":true}]}}